{"id":2172,"date":"2023-10-09T02:43:46","date_gmt":"2023-10-09T02:43:46","guid":{"rendered":"https:\/\/deselectricalservice.com\/?page_id=2172"},"modified":"2023-11-27T20:46:35","modified_gmt":"2023-11-27T20:46:35","slug":"electricista-en-miami","status":"publish","type":"page","link":"https:\/\/deselectricalservice.com\/es\/electricista-en-miami\/","title":{"rendered":"Electricista en Miami"},"content":{"rendered":"<h2 class=\"wp-block-heading\"><img decoding=\"async\" width=\"150\" height=\"150\" class=\"wp-image-1990\" style=\"width: 150px;\" src=\"https:\/\/deselectricalservice.com\/wp-content\/uploads\/2023\/04\/cropped-logo-transparent-2-1.png\" alt=\"\" srcset=\"https:\/\/deselectricalservice.com\/wp-content\/uploads\/2023\/04\/cropped-logo-transparent-2-1.png 512w, https:\/\/deselectricalservice.com\/wp-content\/uploads\/2023\/04\/cropped-logo-transparent-2-1-300x300.png 300w, https:\/\/deselectricalservice.com\/wp-content\/uploads\/2023\/04\/cropped-logo-transparent-2-1-150x150.png 150w, https:\/\/deselectricalservice.com\/wp-content\/uploads\/2023\/04\/cropped-logo-transparent-2-1-270x270.png 270w, https:\/\/deselectricalservice.com\/wp-content\/uploads\/2023\/04\/cropped-logo-transparent-2-1-192x192.png 192w, https:\/\/deselectricalservice.com\/wp-content\/uploads\/2023\/04\/cropped-logo-transparent-2-1-180x180.png 180w, https:\/\/deselectricalservice.com\/wp-content\/uploads\/2023\/04\/cropped-logo-transparent-2-1-32x32.png 32w\" sizes=\"(max-width: 150px) 100vw, 150px\" \/>                    Electricista en Miami                         <\/h2>\n\n\n\n<h2 class=\"wp-block-heading\"><strong>Call Us<\/strong> <strong><mark style=\"background-color:rgba(0, 0, 0, 0)\" class=\"has-inline-color has-vivid-red-color\">(786) 380-9432<\/mark><\/strong><\/h2>\n\n\n\n<p>\u00a1<strong>Bienvenido a DES Electrical<\/strong>, donde encuentra su  Electricista en miami confiable para servicios el\u00e9ctricos de primera clase! En DES Electrical, nos enorgullecemos de ofrecer soluciones el\u00e9ctricas excepcionales que se destacan por su calidad, seguridad y compromiso con la satisfacci\u00f3n del cliente. Nuestra empresa cuenta con un equipo de profesionales altamente capacitados y experimentados listos para abordar una amplia gama de servicios el\u00e9ctricos, desde instalaciones y reparaciones hasta mantenimiento preventivo.<\/p>\n\n\n\n<p class=\"has-text-align-center\">                                                  <img fetchpriority=\"high\" decoding=\"async\" width=\"450\" height=\"600\" class=\"wp-image-2478\" style=\"width: 450px;\" src=\"https:\/\/deselectricalservice.com\/wp-content\/uploads\/2023\/11\/IMG_2881-scaled.jpeg\" alt=\"\" srcset=\"https:\/\/deselectricalservice.com\/wp-content\/uploads\/2023\/11\/IMG_2881-scaled.jpeg 1920w, https:\/\/deselectricalservice.com\/wp-content\/uploads\/2023\/11\/IMG_2881-225x300.jpeg 225w, https:\/\/deselectricalservice.com\/wp-content\/uploads\/2023\/11\/IMG_2881-768x1024.jpeg 768w, https:\/\/deselectricalservice.com\/wp-content\/uploads\/2023\/11\/IMG_2881-1152x1536.jpeg 1152w, https:\/\/deselectricalservice.com\/wp-content\/uploads\/2023\/11\/IMG_2881-1536x2048.jpeg 1536w, https:\/\/deselectricalservice.com\/wp-content\/uploads\/2023\/11\/IMG_2881-9x12.jpeg 9w\" sizes=\"(max-width: 450px) 100vw, 450px\" \/><\/p>\n\n\n\n<p><strong>Servicios excepcionales<\/strong>: Nuestro compromiso con la excelencia se refleja en nuestra capacidad de brindar servicios personalizados que satisfagan sus necesidades espec\u00edficas. Desde mejoras a la infraestructura el\u00e9ctrica hasta la instalaci\u00f3n de sistemas de iluminaci\u00f3n eficientes, en DES Electrical estamos dedicados a superar sus expectativas.<\/p>\n\n\n\n<p><strong>Compromiso con la seguridad<\/strong>: La seguridad es nuestra principal prioridad. Nos adherimos a los m\u00e1s altos est\u00e1ndares para garantizar la protecci\u00f3n de su hogar, su familia y sus pertenencias. Nuestros electricista en miami  est\u00e1n completamente capacitados en pr\u00e1cticas de seguridad y utilizan equipos de \u00faltima generaci\u00f3n para garantizar la finalizaci\u00f3n segura y eficiente de cada trabajo.<\/p>\n\n\n\n<p><strong>Atenci\u00f3n Personalizada<\/strong>: Reconocemos la singularidad de cada cliente y proyecto, por lo que ofrecemos un servicio personalizado desde la primera consulta hasta la finalizaci\u00f3n del proyecto. En DES Electrical, nos comprometemos a brindar una comunicaci\u00f3n clara y una atenci\u00f3n dedicada para garantizar que est\u00e9 completamente satisfecho con nuestros servicios.<\/p>\n\n\n\n<p class=\"has-text-align-center\"><img decoding=\"async\" width=\"560\" height=\"747\" class=\"wp-image-2035\" style=\"width: 560px;\" src=\"https:\/\/deselectricalservice.com\/wp-content\/uploads\/2023\/04\/IMG_2722.jpg\" alt=\"\" srcset=\"https:\/\/deselectricalservice.com\/wp-content\/uploads\/2023\/04\/IMG_2722.jpg 1284w, https:\/\/deselectricalservice.com\/wp-content\/uploads\/2023\/04\/IMG_2722-225x300.jpg 225w, https:\/\/deselectricalservice.com\/wp-content\/uploads\/2023\/04\/IMG_2722-768x1025.jpg 768w, https:\/\/deselectricalservice.com\/wp-content\/uploads\/2023\/04\/IMG_2722-1151x1536.jpg 1151w\" sizes=\"(max-width: 560px) 100vw, 560px\" \/><\/p>\n\n\n\n<p>Compromiso con la Eficiencia Energ\u00e9tica: Nos preocupamos por el medio ambiente y estamos comprometidos con la eficiencia energ\u00e9tica. Ofrecemos soluciones y recomendaciones para ayudarle a reducir su consumo de energ\u00eda y adoptar sistemas m\u00e1s sostenibles. Desde la instalaci\u00f3n de luces LED hasta la actualizaci\u00f3n de paneles el\u00e9ctricos, en DES Electrical, nuestros electricistas en Hialeah est\u00e1n aqu\u00ed para ayudarlo a hacer su parte por el planeta.<\/p>\n\n\n\n<p>Experiencia comprobada: Con a\u00f1os de experiencia en la industria el\u00e9ctrica, DES Electrical ha creado un historial comprobado de satisfacci\u00f3n del cliente y resultados excepcionales. Nuestro compromiso con la calidad y la integridad nos ha convertido en la opci\u00f3n preferida para servicios el\u00e9ctricos en Miami y sus alrededores.<\/p>\n\n\n\n<p>En DES Electrical,  Somos tus socios  electricista en miami de confianza en todo lo relacionado con la electricidad. Conf\u00ede en nosotros para mantener su hogar seguro, eficiente y en pleno funcionamiento. P\u00f3ngase en contacto con nuestro electricista en Miami hoy para obtener m\u00e1s informaci\u00f3n o programar una consulta. \u00a1Estamos aqu\u00ed para iluminar tu vida! <\/p>\n\n\n\n<p><strong>Puede ver mas de nuestros trabajos aqu\u00ed<\/strong>: <a href=\"https:\/\/deselectricalservice.com\/es\/project-galery\/\">https:\/\/deselectricalservice.com\/project-galery\/<\/a><\/p>\n\n\n\n<p>Nuestro sitio en Google:<\/p>\n\n\n\n<p><a href=\"https:\/\/g.page\/r\/CeSCF1NMxuEHEBE\/review\">https:\/\/g.page\/r\/CeSCF1NMxuEHEBE\/review<\/a><\/p>\n\n\n\n<p> <\/p>\n\n\n\n<p><\/p>","protected":false},"excerpt":{"rendered":"<p>Electricista en Miami Call Us (786) 380-9432 \u00a1Bienvenido a DES Electrical, donde encuentra su Electricista en miami confiable para servicios el\u00e9ctricos de primera clase! En DES Electrical, nos enorgullecemos de ofrecer soluciones el\u00e9ctricas excepcionales que se destacan por su calidad, seguridad y compromiso con la satisfacci\u00f3n del cliente. Nuestra empresa cuenta con un equipo de [&hellip;]<\/p>\n","protected":false},"author":1,"featured_media":0,"parent":0,"menu_order":0,"comment_status":"closed","ping_status":"closed","template":"","meta":{"footnotes":""},"class_list":["post-2172","page","type-page","status-publish","hentry"],"_links":{"self":[{"href":"https:\/\/deselectricalservice.com\/es\/wp-json\/wp\/v2\/pages\/2172","targetHints":{"allow":["GET"]}}],"collection":[{"href":"https:\/\/deselectricalservice.com\/es\/wp-json\/wp\/v2\/pages"}],"about":[{"href":"https:\/\/deselectricalservice.com\/es\/wp-json\/wp\/v2\/types\/page"}],"author":[{"embeddable":true,"href":"https:\/\/deselectricalservice.com\/es\/wp-json\/wp\/v2\/users\/1"}],"replies":[{"embeddable":true,"href":"https:\/\/deselectricalservice.com\/es\/wp-json\/wp\/v2\/comments?post=2172"}],"version-history":[{"count":10,"href":"https:\/\/deselectricalservice.com\/es\/wp-json\/wp\/v2\/pages\/2172\/revisions"}],"predecessor-version":[{"id":2499,"href":"https:\/\/deselectricalservice.com\/es\/wp-json\/wp\/v2\/pages\/2172\/revisions\/2499"}],"wp:attachment":[{"href":"https:\/\/deselectricalservice.com\/es\/wp-json\/wp\/v2\/media?parent=2172"}],"curies":[{"name":"wp","href":"https:\/\/api.w.org\/{rel}","templated":true}]}}