{"id":1813,"date":"2021-11-29T06:59:39","date_gmt":"2021-11-29T06:59:39","guid":{"rendered":"https:\/\/www.luzukdemo.com\/demo\/expert-electrician\/?page_id=1813"},"modified":"2023-09-21T01:16:33","modified_gmt":"2023-09-21T01:16:33","slug":"about-2","status":"publish","type":"page","link":"https:\/\/deselectricalservice.com\/es\/about-2\/","title":{"rendered":"SOBRE NOSOTROS"},"content":{"rendered":"<h2 class=\"wp-block-heading\">Nuestro objetivo es la satisfacci\u00f3n del cliente.<\/h2>\n\n\n\n<div class=\"wp-block-columns is-layout-flex wp-container-core-columns-is-layout-9d6595d7 wp-block-columns-is-layout-flex\">\n<div class=\"wp-block-column is-layout-flow wp-block-column-is-layout-flow\" style=\"flex-basis:66.66%\">\n<p><\/p>\n\n\n\n<p>\"En Des Electrical, nos apasiona proporcionar servicios el\u00e9ctricos integrales y de alta calidad a nuestros clientes. Desde nuestros inicios, nos hemos dedicado a garantizar la seguridad, la eficiencia y la fiabilidad de los sistemas el\u00e9ctricos en los hogares y empresas de nuestra comunidad.<\/p>\n\n\n\n<p>Nuestro equipo de electricistas profesionales aporta una gran experiencia y conocimientos a cada trabajo. Estamos equipados para manejar una amplia gama de servicios el\u00e9ctricos, desde mantenimiento y reparaciones de rutina hasta instalaciones complejas y servicios de emergencia. Nuestro compromiso con la formaci\u00f3n continua garantiza que nos mantengamos actualizados sobre las \u00faltimas tecnolog\u00edas y las mejores pr\u00e1cticas de la industria.<\/p>\n\n\n\n<p>La satisfacci\u00f3n del cliente est\u00e1 en el centro de todo lo que hacemos. Nos enorgullecemos de ofrecer soluciones personalizadas que satisfagan las necesidades espec\u00edficas de nuestros clientes, al tiempo que nos adherimos a los m\u00e1s altos est\u00e1ndares de seguridad y calidad. Creemos en la comunicaci\u00f3n transparente, proporcionando a nuestros clientes explicaciones claras y presupuestos detallados para asegurarnos de que entienden el trabajo que se est\u00e1 haciendo.<\/p>\n\n\n\n<p>En Des Electrical, no solo se trata de solucionar problemas el\u00e9ctricos. Se trata de construir relaciones duraderas con nuestros clientes, ofreciendo tranquilidad y servicios confiables siempre que los necesiten. Conf\u00ede en nosotros para alimentar su hogar o negocio de forma segura y eficiente\".<\/p>\n<\/div>\n\n\n\n<div class=\"wp-block-column is-layout-flow wp-block-column-is-layout-flow\" style=\"flex-basis:33.33%\">\n<figure class=\"wp-block-image size-full\"><img decoding=\"async\" src=\"https:\/\/www.luzukdemo.com\/demo\/ac-care\/wp-content\/uploads\/sites\/54\/2021\/11\/about-us1.jpg\" alt=\"\" class=\"wp-image-1856\"\/><\/figure>\n<\/div>\n<\/div>\n\n\n\n<h2 class=\"wp-block-heading\"><\/h2>","protected":false},"excerpt":{"rendered":"<p>Our goal is customer satisfaction. &#8220;At Des Electrical, we are passionate about providing comprehensive, top-quality electrical services to our clients. Since our inception, we have been dedicated to ensuring the safety, efficiency, and reliability of electrical systems in homes and businesses in our community. Our team of professional electricians brings a wealth of experience and [&hellip;]<\/p>\n","protected":false},"author":1,"featured_media":1865,"parent":0,"menu_order":0,"comment_status":"closed","ping_status":"closed","template":"","meta":{"footnotes":""},"class_list":["post-1813","page","type-page","status-publish","has-post-thumbnail","hentry"],"_links":{"self":[{"href":"https:\/\/deselectricalservice.com\/es\/wp-json\/wp\/v2\/pages\/1813","targetHints":{"allow":["GET"]}}],"collection":[{"href":"https:\/\/deselectricalservice.com\/es\/wp-json\/wp\/v2\/pages"}],"about":[{"href":"https:\/\/deselectricalservice.com\/es\/wp-json\/wp\/v2\/types\/page"}],"author":[{"embeddable":true,"href":"https:\/\/deselectricalservice.com\/es\/wp-json\/wp\/v2\/users\/1"}],"replies":[{"embeddable":true,"href":"https:\/\/deselectricalservice.com\/es\/wp-json\/wp\/v2\/comments?post=1813"}],"version-history":[{"count":1,"href":"https:\/\/deselectricalservice.com\/es\/wp-json\/wp\/v2\/pages\/1813\/revisions"}],"predecessor-version":[{"id":2100,"href":"https:\/\/deselectricalservice.com\/es\/wp-json\/wp\/v2\/pages\/1813\/revisions\/2100"}],"wp:featuredmedia":[{"embeddable":true,"href":"https:\/\/deselectricalservice.com\/es\/wp-json\/wp\/v2\/media\/1865"}],"wp:attachment":[{"href":"https:\/\/deselectricalservice.com\/es\/wp-json\/wp\/v2\/media?parent=1813"}],"curies":[{"name":"wp","href":"https:\/\/api.w.org\/{rel}","templated":true}]}}